{"id":1472,"date":"2025-04-10T10:25:08","date_gmt":"2025-04-10T08:25:08","guid":{"rendered":"https:\/\/www.charlyverse.com\/?page_id=1472"},"modified":"2026-01-21T09:41:45","modified_gmt":"2026-01-21T08:41:45","slug":"contact","status":"publish","type":"page","link":"https:\/\/www.charlyverse.com\/fr\/contact\/","title":{"rendered":"Contact"},"content":{"rendered":"<h1 class=\"entry-title\">Contact<\/h1>\n<p><img loading=\"lazy\" decoding=\"async\" class=\"alignnone wp-image-1239 \" src=\"https:\/\/www.charlyverse.com\/wp-content\/uploads\/2025\/05\/Charlyverse_Kontakt.jpg\" alt=\"\" width=\"280\" height=\"280\" \/><\/p>\n<p><span data-teams=\"true\"><strong>speedikon Facility Management AG<\/strong><br \/>\nBerliner Ring 103<br \/>\n64625 Bensheim<br \/>\nAllemagne<br \/>\n<\/span><\/p>\n<p>T\u00e9l\u00e9phone : +49 6251 584-0<br \/>\nCourrier \u00e9lectronique :\u00a0<a href=\"mailto:information@speedikonfm.com\">information@speedikonfm.com<\/a><\/p>\n","protected":false},"excerpt":{"rendered":"<p>Contact speedikon Facility Management AG Berliner Ring 103 64625 Bensheim Allemagne T\u00e9l\u00e9phone : +49 6251 584-0 Courrier \u00e9lectronique :\u00a0information@speedikonfm.com<\/p>\n","protected":false},"author":1,"featured_media":0,"parent":0,"menu_order":0,"comment_status":"closed","ping_status":"closed","template":"","meta":{"ocean_post_layout":"","ocean_both_sidebars_style":"","ocean_both_sidebars_content_width":0,"ocean_both_sidebars_sidebars_width":0,"ocean_sidebar":"0","ocean_second_sidebar":"0","ocean_disable_margins":"enable","ocean_add_body_class":"","ocean_shortcode_before_top_bar":"","ocean_shortcode_after_top_bar":"","ocean_shortcode_before_header":"","ocean_shortcode_after_header":"","ocean_has_shortcode":"","ocean_shortcode_after_title":"","ocean_shortcode_before_footer_widgets":"","ocean_shortcode_after_footer_widgets":"","ocean_shortcode_before_footer_bottom":"","ocean_shortcode_after_footer_bottom":"","ocean_display_top_bar":"default","ocean_display_header":"default","ocean_header_style":"","ocean_center_header_left_menu":"0","ocean_custom_header_template":"0","ocean_custom_logo":0,"ocean_custom_retina_logo":0,"ocean_custom_logo_max_width":0,"ocean_custom_logo_tablet_max_width":0,"ocean_custom_logo_mobile_max_width":0,"ocean_custom_logo_max_height":0,"ocean_custom_logo_tablet_max_height":0,"ocean_custom_logo_mobile_max_height":0,"ocean_header_custom_menu":"0","ocean_menu_typo_font_family":"0","ocean_menu_typo_font_subset":"","ocean_menu_typo_font_size":0,"ocean_menu_typo_font_size_tablet":0,"ocean_menu_typo_font_size_mobile":0,"ocean_menu_typo_font_size_unit":"px","ocean_menu_typo_font_weight":"","ocean_menu_typo_font_weight_tablet":"","ocean_menu_typo_font_weight_mobile":"","ocean_menu_typo_transform":"","ocean_menu_typo_transform_tablet":"","ocean_menu_typo_transform_mobile":"","ocean_menu_typo_line_height":0,"ocean_menu_typo_line_height_tablet":0,"ocean_menu_typo_line_height_mobile":0,"ocean_menu_typo_line_height_unit":"","ocean_menu_typo_spacing":0,"ocean_menu_typo_spacing_tablet":0,"ocean_menu_typo_spacing_mobile":0,"ocean_menu_typo_spacing_unit":"","ocean_menu_link_color":"","ocean_menu_link_color_hover":"","ocean_menu_link_color_active":"","ocean_menu_link_background":"","ocean_menu_link_hover_background":"","ocean_menu_link_active_background":"","ocean_menu_social_links_bg":"","ocean_menu_social_hover_links_bg":"","ocean_menu_social_links_color":"","ocean_menu_social_hover_links_color":"","ocean_disable_title":"default","ocean_disable_heading":"default","ocean_post_title":"","ocean_post_subheading":"","ocean_post_title_style":"","ocean_post_title_background_color":"","ocean_post_title_background":0,"ocean_post_title_bg_image_position":"","ocean_post_title_bg_image_attachment":"","ocean_post_title_bg_image_repeat":"","ocean_post_title_bg_image_size":"","ocean_post_title_height":0,"ocean_post_title_bg_overlay":0.5,"ocean_post_title_bg_overlay_color":"","ocean_disable_breadcrumbs":"default","ocean_breadcrumbs_color":"","ocean_breadcrumbs_separator_color":"","ocean_breadcrumbs_links_color":"","ocean_breadcrumbs_links_hover_color":"","ocean_display_footer_widgets":"default","ocean_display_footer_bottom":"default","ocean_custom_footer_template":"0","osh_disable_topbar_sticky":"default","osh_disable_header_sticky":"default","osh_sticky_header_style":"default","osh_sticky_header_effect":"","osh_custom_sticky_logo":0,"osh_custom_retina_sticky_logo":0,"osh_custom_sticky_logo_height":0,"osh_background_color":"","osh_links_color":"","osh_links_hover_color":"","osh_links_active_color":"","osh_links_bg_color":"","osh_links_hover_bg_color":"","osh_links_active_bg_color":"","osh_menu_social_links_color":"","osh_menu_social_hover_links_color":"","footnotes":""},"class_list":["post-1472","page","type-page","status-publish","hentry","entry"],"yoast_head":"<!-- This site is optimized with the Yoast SEO plugin v27.4 - https:\/\/yoast.com\/product\/yoast-seo-wordpress\/ -->\n<title>Contact | Charlyverse<\/title>\n<meta name=\"description\" content=\"Contactez-nous. Nous serons ravis de r\u00e9pondre \u00e0 vos questions sur la digitalisation et les nouvelles technologies.\" \/>\n<meta name=\"robots\" content=\"index, follow, max-snippet:-1, max-image-preview:large, max-video-preview:-1\" \/>\n<link rel=\"canonical\" href=\"https:\/\/www.charlyverse.com\/fr\/contact\/\" \/>\n<meta property=\"og:locale\" content=\"fr_FR\" \/>\n<meta property=\"og:type\" content=\"article\" \/>\n<meta property=\"og:title\" content=\"Contact | Charlyverse\" \/>\n<meta property=\"og:description\" content=\"Contactez-nous. Nous serons ravis de r\u00e9pondre \u00e0 vos questions sur la digitalisation et les nouvelles technologies.\" \/>\n<meta property=\"og:url\" content=\"https:\/\/www.charlyverse.com\/fr\/contact\/\" \/>\n<meta property=\"og:site_name\" content=\"Charlyverse\" \/>\n<meta property=\"article:modified_time\" content=\"2026-01-21T08:41:45+00:00\" \/>\n<meta property=\"og:image\" content=\"https:\/\/www.charlyverse.com\/wp-content\/uploads\/2025\/05\/Charlyverse_Kontakt.jpg\" \/>\n\t<meta property=\"og:image:width\" content=\"500\" \/>\n\t<meta property=\"og:image:height\" content=\"500\" \/>\n\t<meta property=\"og:image:type\" content=\"image\/jpeg\" \/>\n<meta name=\"twitter:card\" content=\"summary_large_image\" \/>\n<meta name=\"twitter:label1\" content=\"Dur\u00e9e de lecture estim\u00e9e\" \/>\n\t<meta name=\"twitter:data1\" content=\"1 minute\" \/>\n<script type=\"application\/ld+json\" class=\"yoast-schema-graph\">{\"@context\":\"https:\\\/\\\/schema.org\",\"@graph\":[{\"@type\":\"WebPage\",\"@id\":\"https:\\\/\\\/www.charlyverse.com\\\/fr\\\/contact\\\/\",\"url\":\"https:\\\/\\\/www.charlyverse.com\\\/fr\\\/contact\\\/\",\"name\":\"Contact | Charlyverse\",\"isPartOf\":{\"@id\":\"https:\\\/\\\/www.charlyverse.com\\\/#website\"},\"primaryImageOfPage\":{\"@id\":\"https:\\\/\\\/www.charlyverse.com\\\/fr\\\/contact\\\/#primaryimage\"},\"image\":{\"@id\":\"https:\\\/\\\/www.charlyverse.com\\\/fr\\\/contact\\\/#primaryimage\"},\"thumbnailUrl\":\"https:\\\/\\\/www.charlyverse.com\\\/wp-content\\\/uploads\\\/2025\\\/05\\\/Charlyverse_Kontakt.jpg\",\"datePublished\":\"2025-04-10T08:25:08+00:00\",\"dateModified\":\"2026-01-21T08:41:45+00:00\",\"description\":\"Contactez-nous. Nous serons ravis de r\u00e9pondre \u00e0 vos questions sur la digitalisation et les nouvelles technologies.\",\"breadcrumb\":{\"@id\":\"https:\\\/\\\/www.charlyverse.com\\\/fr\\\/contact\\\/#breadcrumb\"},\"inLanguage\":\"fr-FR\",\"potentialAction\":[{\"@type\":\"ReadAction\",\"target\":[\"https:\\\/\\\/www.charlyverse.com\\\/fr\\\/contact\\\/\"]}]},{\"@type\":\"ImageObject\",\"inLanguage\":\"fr-FR\",\"@id\":\"https:\\\/\\\/www.charlyverse.com\\\/fr\\\/contact\\\/#primaryimage\",\"url\":\"https:\\\/\\\/www.charlyverse.com\\\/wp-content\\\/uploads\\\/2025\\\/05\\\/Charlyverse_Kontakt.jpg\",\"contentUrl\":\"https:\\\/\\\/www.charlyverse.com\\\/wp-content\\\/uploads\\\/2025\\\/05\\\/Charlyverse_Kontakt.jpg\"},{\"@type\":\"BreadcrumbList\",\"@id\":\"https:\\\/\\\/www.charlyverse.com\\\/fr\\\/contact\\\/#breadcrumb\",\"itemListElement\":[{\"@type\":\"ListItem\",\"position\":1,\"name\":\"Start\",\"item\":\"https:\\\/\\\/www.charlyverse.com\\\/\"},{\"@type\":\"ListItem\",\"position\":2,\"name\":\"Contact\"}]},{\"@type\":\"WebSite\",\"@id\":\"https:\\\/\\\/www.charlyverse.com\\\/#website\",\"url\":\"https:\\\/\\\/www.charlyverse.com\\\/\",\"name\":\"Charlyverse\",\"description\":\"Home\",\"publisher\":{\"@id\":\"https:\\\/\\\/www.charlyverse.com\\\/#organization\"},\"potentialAction\":[{\"@type\":\"SearchAction\",\"target\":{\"@type\":\"EntryPoint\",\"urlTemplate\":\"https:\\\/\\\/www.charlyverse.com\\\/?s={search_term_string}\"},\"query-input\":{\"@type\":\"PropertyValueSpecification\",\"valueRequired\":true,\"valueName\":\"search_term_string\"}}],\"inLanguage\":\"fr-FR\"},{\"@type\":\"Organization\",\"@id\":\"https:\\\/\\\/www.charlyverse.com\\\/#organization\",\"name\":\"Charlyverse\",\"url\":\"https:\\\/\\\/www.charlyverse.com\\\/\",\"logo\":{\"@type\":\"ImageObject\",\"inLanguage\":\"fr-FR\",\"@id\":\"https:\\\/\\\/www.charlyverse.com\\\/#\\\/schema\\\/logo\\\/image\\\/\",\"url\":\"https:\\\/\\\/www.charlyverse.com\\\/wp-content\\\/uploads\\\/2025\\\/05\\\/Charlyverse_Favicon_32x32.png\",\"contentUrl\":\"https:\\\/\\\/www.charlyverse.com\\\/wp-content\\\/uploads\\\/2025\\\/05\\\/Charlyverse_Favicon_32x32.png\",\"width\":32,\"height\":32,\"caption\":\"Charlyverse\"},\"image\":{\"@id\":\"https:\\\/\\\/www.charlyverse.com\\\/#\\\/schema\\\/logo\\\/image\\\/\"}}]}<\/script>\n<!-- \/ Yoast SEO plugin. -->","yoast_head_json":{"title":"Contact | Charlyverse","description":"Contactez-nous. Nous serons ravis de r\u00e9pondre \u00e0 vos questions sur la digitalisation et les nouvelles technologies.","robots":{"index":"index","follow":"follow","max-snippet":"max-snippet:-1","max-image-preview":"max-image-preview:large","max-video-preview":"max-video-preview:-1"},"canonical":"https:\/\/www.charlyverse.com\/fr\/contact\/","og_locale":"fr_FR","og_type":"article","og_title":"Contact | Charlyverse","og_description":"Contactez-nous. Nous serons ravis de r\u00e9pondre \u00e0 vos questions sur la digitalisation et les nouvelles technologies.","og_url":"https:\/\/www.charlyverse.com\/fr\/contact\/","og_site_name":"Charlyverse","article_modified_time":"2026-01-21T08:41:45+00:00","og_image":[{"width":500,"height":500,"url":"https:\/\/www.charlyverse.com\/wp-content\/uploads\/2025\/05\/Charlyverse_Kontakt.jpg","type":"image\/jpeg"}],"twitter_card":"summary_large_image","twitter_misc":{"Dur\u00e9e de lecture estim\u00e9e":"1 minute"},"schema":{"@context":"https:\/\/schema.org","@graph":[{"@type":"WebPage","@id":"https:\/\/www.charlyverse.com\/fr\/contact\/","url":"https:\/\/www.charlyverse.com\/fr\/contact\/","name":"Contact | Charlyverse","isPartOf":{"@id":"https:\/\/www.charlyverse.com\/#website"},"primaryImageOfPage":{"@id":"https:\/\/www.charlyverse.com\/fr\/contact\/#primaryimage"},"image":{"@id":"https:\/\/www.charlyverse.com\/fr\/contact\/#primaryimage"},"thumbnailUrl":"https:\/\/www.charlyverse.com\/wp-content\/uploads\/2025\/05\/Charlyverse_Kontakt.jpg","datePublished":"2025-04-10T08:25:08+00:00","dateModified":"2026-01-21T08:41:45+00:00","description":"Contactez-nous. Nous serons ravis de r\u00e9pondre \u00e0 vos questions sur la digitalisation et les nouvelles technologies.","breadcrumb":{"@id":"https:\/\/www.charlyverse.com\/fr\/contact\/#breadcrumb"},"inLanguage":"fr-FR","potentialAction":[{"@type":"ReadAction","target":["https:\/\/www.charlyverse.com\/fr\/contact\/"]}]},{"@type":"ImageObject","inLanguage":"fr-FR","@id":"https:\/\/www.charlyverse.com\/fr\/contact\/#primaryimage","url":"https:\/\/www.charlyverse.com\/wp-content\/uploads\/2025\/05\/Charlyverse_Kontakt.jpg","contentUrl":"https:\/\/www.charlyverse.com\/wp-content\/uploads\/2025\/05\/Charlyverse_Kontakt.jpg"},{"@type":"BreadcrumbList","@id":"https:\/\/www.charlyverse.com\/fr\/contact\/#breadcrumb","itemListElement":[{"@type":"ListItem","position":1,"name":"Start","item":"https:\/\/www.charlyverse.com\/"},{"@type":"ListItem","position":2,"name":"Contact"}]},{"@type":"WebSite","@id":"https:\/\/www.charlyverse.com\/#website","url":"https:\/\/www.charlyverse.com\/","name":"Charlyverse","description":"Home","publisher":{"@id":"https:\/\/www.charlyverse.com\/#organization"},"potentialAction":[{"@type":"SearchAction","target":{"@type":"EntryPoint","urlTemplate":"https:\/\/www.charlyverse.com\/?s={search_term_string}"},"query-input":{"@type":"PropertyValueSpecification","valueRequired":true,"valueName":"search_term_string"}}],"inLanguage":"fr-FR"},{"@type":"Organization","@id":"https:\/\/www.charlyverse.com\/#organization","name":"Charlyverse","url":"https:\/\/www.charlyverse.com\/","logo":{"@type":"ImageObject","inLanguage":"fr-FR","@id":"https:\/\/www.charlyverse.com\/#\/schema\/logo\/image\/","url":"https:\/\/www.charlyverse.com\/wp-content\/uploads\/2025\/05\/Charlyverse_Favicon_32x32.png","contentUrl":"https:\/\/www.charlyverse.com\/wp-content\/uploads\/2025\/05\/Charlyverse_Favicon_32x32.png","width":32,"height":32,"caption":"Charlyverse"},"image":{"@id":"https:\/\/www.charlyverse.com\/#\/schema\/logo\/image\/"}}]}},"_links":{"self":[{"href":"https:\/\/www.charlyverse.com\/fr\/wp-json\/wp\/v2\/pages\/1472","targetHints":{"allow":["GET"]}}],"collection":[{"href":"https:\/\/www.charlyverse.com\/fr\/wp-json\/wp\/v2\/pages"}],"about":[{"href":"https:\/\/www.charlyverse.com\/fr\/wp-json\/wp\/v2\/types\/page"}],"author":[{"embeddable":true,"href":"https:\/\/www.charlyverse.com\/fr\/wp-json\/wp\/v2\/users\/1"}],"replies":[{"embeddable":true,"href":"https:\/\/www.charlyverse.com\/fr\/wp-json\/wp\/v2\/comments?post=1472"}],"version-history":[{"count":6,"href":"https:\/\/www.charlyverse.com\/fr\/wp-json\/wp\/v2\/pages\/1472\/revisions"}],"predecessor-version":[{"id":2856,"href":"https:\/\/www.charlyverse.com\/fr\/wp-json\/wp\/v2\/pages\/1472\/revisions\/2856"}],"wp:attachment":[{"href":"https:\/\/www.charlyverse.com\/fr\/wp-json\/wp\/v2\/media?parent=1472"}],"curies":[{"name":"wp","href":"https:\/\/api.w.org\/{rel}","templated":true}]}}