{"id":1458,"date":"2025-04-09T14:36:57","date_gmt":"2025-04-09T12:36:57","guid":{"rendered":"https:\/\/www.charlyverse.com\/impressum\/"},"modified":"2026-02-18T08:08:43","modified_gmt":"2026-02-18T07:08:43","slug":"mentions-legales","status":"publish","type":"page","link":"https:\/\/www.charlyverse.com\/fr\/mentions-legales\/","title":{"rendered":"Mentions l\u00e9gales"},"content":{"rendered":"<h1>Mentions l\u00e9gales<\/h1>\n<p><strong>speedikon Facility Management AG<\/strong><br \/>\nBerliner Ring 103<br \/>\n64625 Bensheim<br \/>\nAllemagne<\/p>\n<p>repr\u00e9sent\u00e9 par le conseil d&rsquo;administration : Adrian Merkel<br \/>\net le pr\u00e9sident du conseil de surveillance : Dr Peter Merkel<\/p>\n<p><strong>Informations de contact :<\/strong><br \/>\nT\u00e9l\u00e9phone : +49 6251 584-0 +49 6251 584-0<br \/>\nCourriel : information@speedikonfm.com<br \/>\nSite Internet : www.speedikonfm.com<\/p>\n<p><strong>R\u00e9daction:<\/strong><br \/>\nAlexandra Kiourtsi<br \/>\nJagoda Chomicka<br \/>\nE-Mail:\u00a0<a href=\"mailto:editorial@charlyverse.com\">editorial@charlyverse.com<\/a><\/p>\n<p><strong>ISSN:<\/strong><br \/>\nCharlyverse ISSN 3052-8828<\/p>\n<p>Inscrite au registre du commerce du tribunal local de Darmstadt sous le num\u00e9ro<br \/>\nHRB 24849 &#8211; Num\u00e9ro d&rsquo;identification TVA : DE 812 323 049<\/p>\n<p><strong>Avis de responsabilit\u00e9 (disclaimer) :<\/strong><br \/>\nMalgr\u00e9 un contr\u00f4le minutieux du contenu, nous n&rsquo;assumons aucune responsabilit\u00e9 pour le contenu des liens externes.<br \/>\nLes exploitants des pages li\u00e9es sont seuls responsables de leur contenu.<\/p>\n<p><strong>R\u00e9f\u00e9rences :<\/strong><br \/>\nSource de l&rsquo;image :<br \/>\n<a href=\"https:\/\/www.freepik.com\/\" target=\"_blank\" rel=\"noopener noreferrer\">freepik.com<\/a><\/p>\n","protected":false},"excerpt":{"rendered":"<p>Mentions l\u00e9gales speedikon Facility Management AG Berliner Ring 103 64625 Bensheim Allemagne repr\u00e9sent\u00e9 par le conseil d&rsquo;administration : Adrian Merkel et le pr\u00e9sident du conseil de surveillance : Dr Peter Merkel Informations de contact : T\u00e9l\u00e9phone : +49 6251 584-0 +49 6251 584-0 Courriel : information@speedikonfm.com Site Internet : www.speedikonfm.com R\u00e9daction: Alexandra Kiourtsi Jagoda Chomicka [&hellip;]<\/p>\n","protected":false},"author":1,"featured_media":0,"parent":0,"menu_order":0,"comment_status":"closed","ping_status":"closed","template":"","meta":{"ocean_post_layout":"","ocean_both_sidebars_style":"","ocean_both_sidebars_content_width":0,"ocean_both_sidebars_sidebars_width":0,"ocean_sidebar":"0","ocean_second_sidebar":"0","ocean_disable_margins":"enable","ocean_add_body_class":"","ocean_shortcode_before_top_bar":"","ocean_shortcode_after_top_bar":"","ocean_shortcode_before_header":"","ocean_shortcode_after_header":"","ocean_has_shortcode":"","ocean_shortcode_after_title":"","ocean_shortcode_before_footer_widgets":"","ocean_shortcode_after_footer_widgets":"","ocean_shortcode_before_footer_bottom":"","ocean_shortcode_after_footer_bottom":"","ocean_display_top_bar":"default","ocean_display_header":"default","ocean_header_style":"","ocean_center_header_left_menu":"0","ocean_custom_header_template":"0","ocean_custom_logo":0,"ocean_custom_retina_logo":0,"ocean_custom_logo_max_width":0,"ocean_custom_logo_tablet_max_width":0,"ocean_custom_logo_mobile_max_width":0,"ocean_custom_logo_max_height":0,"ocean_custom_logo_tablet_max_height":0,"ocean_custom_logo_mobile_max_height":0,"ocean_header_custom_menu":"0","ocean_menu_typo_font_family":"0","ocean_menu_typo_font_subset":"","ocean_menu_typo_font_size":0,"ocean_menu_typo_font_size_tablet":0,"ocean_menu_typo_font_size_mobile":0,"ocean_menu_typo_font_size_unit":"px","ocean_menu_typo_font_weight":"","ocean_menu_typo_font_weight_tablet":"","ocean_menu_typo_font_weight_mobile":"","ocean_menu_typo_transform":"","ocean_menu_typo_transform_tablet":"","ocean_menu_typo_transform_mobile":"","ocean_menu_typo_line_height":0,"ocean_menu_typo_line_height_tablet":0,"ocean_menu_typo_line_height_mobile":0,"ocean_menu_typo_line_height_unit":"","ocean_menu_typo_spacing":0,"ocean_menu_typo_spacing_tablet":0,"ocean_menu_typo_spacing_mobile":0,"ocean_menu_typo_spacing_unit":"","ocean_menu_link_color":"","ocean_menu_link_color_hover":"","ocean_menu_link_color_active":"","ocean_menu_link_background":"","ocean_menu_link_hover_background":"","ocean_menu_link_active_background":"","ocean_menu_social_links_bg":"","ocean_menu_social_hover_links_bg":"","ocean_menu_social_links_color":"","ocean_menu_social_hover_links_color":"","ocean_disable_title":"default","ocean_disable_heading":"default","ocean_post_title":"","ocean_post_subheading":"","ocean_post_title_style":"","ocean_post_title_background_color":"","ocean_post_title_background":0,"ocean_post_title_bg_image_position":"","ocean_post_title_bg_image_attachment":"","ocean_post_title_bg_image_repeat":"","ocean_post_title_bg_image_size":"","ocean_post_title_height":0,"ocean_post_title_bg_overlay":0.5,"ocean_post_title_bg_overlay_color":"","ocean_disable_breadcrumbs":"default","ocean_breadcrumbs_color":"","ocean_breadcrumbs_separator_color":"","ocean_breadcrumbs_links_color":"","ocean_breadcrumbs_links_hover_color":"","ocean_display_footer_widgets":"default","ocean_display_footer_bottom":"default","ocean_custom_footer_template":"0","osh_disable_topbar_sticky":"default","osh_disable_header_sticky":"default","osh_sticky_header_style":"default","osh_sticky_header_effect":"","osh_custom_sticky_logo":0,"osh_custom_retina_sticky_logo":0,"osh_custom_sticky_logo_height":0,"osh_background_color":"","osh_links_color":"","osh_links_hover_color":"","osh_links_active_color":"","osh_links_bg_color":"","osh_links_hover_bg_color":"","osh_links_active_bg_color":"","osh_menu_social_links_color":"","osh_menu_social_hover_links_color":"","footnotes":""},"class_list":["post-1458","page","type-page","status-publish","hentry","entry"],"yoast_head":"<!-- This site is optimized with the Yoast SEO plugin v27.4 - https:\/\/yoast.com\/product\/yoast-seo-wordpress\/ -->\n<title>Mentions l\u00e9gales | Charlyverse<\/title>\n<meta name=\"description\" content=\"Mentions l\u00e9gales \u2013 informations juridiques, adresse et coordonn\u00e9es.\" \/>\n<meta name=\"robots\" content=\"index, follow, max-snippet:-1, max-image-preview:large, max-video-preview:-1\" \/>\n<link rel=\"canonical\" href=\"https:\/\/www.charlyverse.com\/fr\/mentions-legales\/\" \/>\n<meta property=\"og:locale\" content=\"fr_FR\" \/>\n<meta property=\"og:type\" content=\"article\" \/>\n<meta property=\"og:title\" content=\"Mentions l\u00e9gales | Charlyverse\" \/>\n<meta property=\"og:description\" content=\"Mentions l\u00e9gales \u2013 informations juridiques, adresse et coordonn\u00e9es.\" \/>\n<meta property=\"og:url\" content=\"https:\/\/www.charlyverse.com\/fr\/mentions-legales\/\" \/>\n<meta property=\"og:site_name\" content=\"Charlyverse\" \/>\n<meta property=\"article:modified_time\" content=\"2026-02-18T07:08:43+00:00\" \/>\n<meta name=\"twitter:card\" content=\"summary_large_image\" \/>\n<meta name=\"twitter:label1\" content=\"Dur\u00e9e de lecture estim\u00e9e\" \/>\n\t<meta name=\"twitter:data1\" content=\"1 minute\" \/>\n<script type=\"application\/ld+json\" class=\"yoast-schema-graph\">{\"@context\":\"https:\\\/\\\/schema.org\",\"@graph\":[{\"@type\":\"WebPage\",\"@id\":\"https:\\\/\\\/www.charlyverse.com\\\/fr\\\/mentions-legales\\\/\",\"url\":\"https:\\\/\\\/www.charlyverse.com\\\/fr\\\/mentions-legales\\\/\",\"name\":\"Mentions l\u00e9gales | Charlyverse\",\"isPartOf\":{\"@id\":\"https:\\\/\\\/www.charlyverse.com\\\/#website\"},\"datePublished\":\"2025-04-09T12:36:57+00:00\",\"dateModified\":\"2026-02-18T07:08:43+00:00\",\"description\":\"Mentions l\u00e9gales \u2013 informations juridiques, adresse et coordonn\u00e9es.\",\"breadcrumb\":{\"@id\":\"https:\\\/\\\/www.charlyverse.com\\\/fr\\\/mentions-legales\\\/#breadcrumb\"},\"inLanguage\":\"fr-FR\",\"potentialAction\":[{\"@type\":\"ReadAction\",\"target\":[\"https:\\\/\\\/www.charlyverse.com\\\/fr\\\/mentions-legales\\\/\"]}]},{\"@type\":\"BreadcrumbList\",\"@id\":\"https:\\\/\\\/www.charlyverse.com\\\/fr\\\/mentions-legales\\\/#breadcrumb\",\"itemListElement\":[{\"@type\":\"ListItem\",\"position\":1,\"name\":\"Start\",\"item\":\"https:\\\/\\\/www.charlyverse.com\\\/\"},{\"@type\":\"ListItem\",\"position\":2,\"name\":\"Mentions l\u00e9gales\"}]},{\"@type\":\"WebSite\",\"@id\":\"https:\\\/\\\/www.charlyverse.com\\\/#website\",\"url\":\"https:\\\/\\\/www.charlyverse.com\\\/\",\"name\":\"Charlyverse\",\"description\":\"Home\",\"publisher\":{\"@id\":\"https:\\\/\\\/www.charlyverse.com\\\/#organization\"},\"potentialAction\":[{\"@type\":\"SearchAction\",\"target\":{\"@type\":\"EntryPoint\",\"urlTemplate\":\"https:\\\/\\\/www.charlyverse.com\\\/?s={search_term_string}\"},\"query-input\":{\"@type\":\"PropertyValueSpecification\",\"valueRequired\":true,\"valueName\":\"search_term_string\"}}],\"inLanguage\":\"fr-FR\"},{\"@type\":\"Organization\",\"@id\":\"https:\\\/\\\/www.charlyverse.com\\\/#organization\",\"name\":\"Charlyverse\",\"url\":\"https:\\\/\\\/www.charlyverse.com\\\/\",\"logo\":{\"@type\":\"ImageObject\",\"inLanguage\":\"fr-FR\",\"@id\":\"https:\\\/\\\/www.charlyverse.com\\\/#\\\/schema\\\/logo\\\/image\\\/\",\"url\":\"https:\\\/\\\/www.charlyverse.com\\\/wp-content\\\/uploads\\\/2025\\\/05\\\/Charlyverse_Favicon_32x32.png\",\"contentUrl\":\"https:\\\/\\\/www.charlyverse.com\\\/wp-content\\\/uploads\\\/2025\\\/05\\\/Charlyverse_Favicon_32x32.png\",\"width\":32,\"height\":32,\"caption\":\"Charlyverse\"},\"image\":{\"@id\":\"https:\\\/\\\/www.charlyverse.com\\\/#\\\/schema\\\/logo\\\/image\\\/\"}}]}<\/script>\n<!-- \/ Yoast SEO plugin. -->","yoast_head_json":{"title":"Mentions l\u00e9gales | Charlyverse","description":"Mentions l\u00e9gales \u2013 informations juridiques, adresse et coordonn\u00e9es.","robots":{"index":"index","follow":"follow","max-snippet":"max-snippet:-1","max-image-preview":"max-image-preview:large","max-video-preview":"max-video-preview:-1"},"canonical":"https:\/\/www.charlyverse.com\/fr\/mentions-legales\/","og_locale":"fr_FR","og_type":"article","og_title":"Mentions l\u00e9gales | Charlyverse","og_description":"Mentions l\u00e9gales \u2013 informations juridiques, adresse et coordonn\u00e9es.","og_url":"https:\/\/www.charlyverse.com\/fr\/mentions-legales\/","og_site_name":"Charlyverse","article_modified_time":"2026-02-18T07:08:43+00:00","twitter_card":"summary_large_image","twitter_misc":{"Dur\u00e9e de lecture estim\u00e9e":"1 minute"},"schema":{"@context":"https:\/\/schema.org","@graph":[{"@type":"WebPage","@id":"https:\/\/www.charlyverse.com\/fr\/mentions-legales\/","url":"https:\/\/www.charlyverse.com\/fr\/mentions-legales\/","name":"Mentions l\u00e9gales | Charlyverse","isPartOf":{"@id":"https:\/\/www.charlyverse.com\/#website"},"datePublished":"2025-04-09T12:36:57+00:00","dateModified":"2026-02-18T07:08:43+00:00","description":"Mentions l\u00e9gales \u2013 informations juridiques, adresse et coordonn\u00e9es.","breadcrumb":{"@id":"https:\/\/www.charlyverse.com\/fr\/mentions-legales\/#breadcrumb"},"inLanguage":"fr-FR","potentialAction":[{"@type":"ReadAction","target":["https:\/\/www.charlyverse.com\/fr\/mentions-legales\/"]}]},{"@type":"BreadcrumbList","@id":"https:\/\/www.charlyverse.com\/fr\/mentions-legales\/#breadcrumb","itemListElement":[{"@type":"ListItem","position":1,"name":"Start","item":"https:\/\/www.charlyverse.com\/"},{"@type":"ListItem","position":2,"name":"Mentions l\u00e9gales"}]},{"@type":"WebSite","@id":"https:\/\/www.charlyverse.com\/#website","url":"https:\/\/www.charlyverse.com\/","name":"Charlyverse","description":"Home","publisher":{"@id":"https:\/\/www.charlyverse.com\/#organization"},"potentialAction":[{"@type":"SearchAction","target":{"@type":"EntryPoint","urlTemplate":"https:\/\/www.charlyverse.com\/?s={search_term_string}"},"query-input":{"@type":"PropertyValueSpecification","valueRequired":true,"valueName":"search_term_string"}}],"inLanguage":"fr-FR"},{"@type":"Organization","@id":"https:\/\/www.charlyverse.com\/#organization","name":"Charlyverse","url":"https:\/\/www.charlyverse.com\/","logo":{"@type":"ImageObject","inLanguage":"fr-FR","@id":"https:\/\/www.charlyverse.com\/#\/schema\/logo\/image\/","url":"https:\/\/www.charlyverse.com\/wp-content\/uploads\/2025\/05\/Charlyverse_Favicon_32x32.png","contentUrl":"https:\/\/www.charlyverse.com\/wp-content\/uploads\/2025\/05\/Charlyverse_Favicon_32x32.png","width":32,"height":32,"caption":"Charlyverse"},"image":{"@id":"https:\/\/www.charlyverse.com\/#\/schema\/logo\/image\/"}}]}},"_links":{"self":[{"href":"https:\/\/www.charlyverse.com\/fr\/wp-json\/wp\/v2\/pages\/1458","targetHints":{"allow":["GET"]}}],"collection":[{"href":"https:\/\/www.charlyverse.com\/fr\/wp-json\/wp\/v2\/pages"}],"about":[{"href":"https:\/\/www.charlyverse.com\/fr\/wp-json\/wp\/v2\/types\/page"}],"author":[{"embeddable":true,"href":"https:\/\/www.charlyverse.com\/fr\/wp-json\/wp\/v2\/users\/1"}],"replies":[{"embeddable":true,"href":"https:\/\/www.charlyverse.com\/fr\/wp-json\/wp\/v2\/comments?post=1458"}],"version-history":[{"count":11,"href":"https:\/\/www.charlyverse.com\/fr\/wp-json\/wp\/v2\/pages\/1458\/revisions"}],"predecessor-version":[{"id":3026,"href":"https:\/\/www.charlyverse.com\/fr\/wp-json\/wp\/v2\/pages\/1458\/revisions\/3026"}],"wp:attachment":[{"href":"https:\/\/www.charlyverse.com\/fr\/wp-json\/wp\/v2\/media?parent=1458"}],"curies":[{"name":"wp","href":"https:\/\/api.w.org\/{rel}","templated":true}]}}