{"id":1293,"date":"2025-04-14T08:59:12","date_gmt":"2025-04-14T06:59:12","guid":{"rendered":"https:\/\/www.charlyverse.com\/about-us\/"},"modified":"2026-01-21T09:47:46","modified_gmt":"2026-01-21T08:47:46","slug":"a-propos-de-nous","status":"publish","type":"page","link":"https:\/\/www.charlyverse.com\/fr\/a-propos-de-nous\/","title":{"rendered":"\u00c0 propos de nous"},"content":{"rendered":"<h1>\u00c0 propos Charlyverse<\/h1>\n<p>Charlyverse est le portail d&rsquo;information du groupe speedikon.<\/p>\n<p>Nous y donnons un aper\u00e7u des d\u00e9veloppements actuels, des technologies que nous utilisons, nous \u00e9crivons sur l&rsquo;IA, les nuages de points, la gestion de l&rsquo;\u00e9nergie, les jumeaux num\u00e9riques, les centres de calcul, nos projets de recherche et la collaboration avec les universit\u00e9s.<\/p>\n<p>Nous expliquons les bases techniques, mettons en lumi\u00e8re l&rsquo;arri\u00e8re-plan, rendons transparent ce qui reste souvent dans l&rsquo;ombre, abordons les strat\u00e9gies et regardons au-del\u00e0 du bout de notre nez, afin que vous soyez toujours au courant de ce qui est important en ce moment et de ce qui le sera bient\u00f4t.<\/p>\n<p>Bien s\u00fbr, nous parlerons aussi de temps en temps des entreprises du groupe, des nouveaux produits, des applications, des clients, des collaborateurs et des succ\u00e8s de <a href=\"https:\/\/www.speedikonfm.com\" target=\"_blank\" rel=\"noopener\">speedikon FM<\/a>, <a href=\"https:\/\/www.framence.com\" target=\"_blank\" rel=\"noopener\">Framence<\/a>, <a href=\"https:\/\/www.innomatik.com\" target=\"_blank\" rel=\"noopener\">innomatik<\/a> et <a href=\"https:\/\/www.wiritec.com\" target=\"_blank\" rel=\"noopener\">WiriTec<\/a>. Et sur les avantages qu&rsquo;il y a \u00e0 ce que tout repose sur une plate-forme tr\u00e8s flexible et que les solutions soient totalement int\u00e9grables.<\/p>\n<p>Charlyverse vous propose donc un vaste \u00e9ventail de th\u00e8mes qui donnent de nouvelles impulsions \u00e0 votre travail quotidien et r\u00e9pondent d\u00e8s maintenant \u00e0 des questions importantes pour l&rsquo;avenir.<\/p>\n<p>Tout comme nos applications le font.<\/p>\n<p>&nbsp;<\/p>\n<h2>PS : Quelques mots sur le groupe speedikon<\/h2>\n<p>Le groupe speedikon est un groupe d&rsquo;entreprises qui se consacre \u00e0 la viabilit\u00e9 future des logiciels de CREM, de FM et de maintenance dans l&rsquo;industrie. Nos solutions sont tr\u00e8s diversifi\u00e9es et r\u00e9pondent \u00e0 un large \u00e9ventail d&rsquo;exigences en mati\u00e8re de gestion des installations, de maintenance industrielle et de domaines connexes, allant des livres de salle classiques aux processus de maintenance et de l&rsquo;imagerie int\u00e9grative \u00e0 la robotique et \u00e0 l&rsquo;intelligence artificielle.<\/p>\n<p>&nbsp;<\/p>\n<p><img loading=\"lazy\" decoding=\"async\" class=\"alignnone wp-image-2636 size-medium\" src=\"https:\/\/www.charlyverse.com\/wp-content\/uploads\/2025\/11\/speedikon_Unternehmensgruppe_Logo-300x73.jpg\" alt=\"speedikon FM AG Logo\" width=\"300\" height=\"73\" srcset=\"https:\/\/www.charlyverse.com\/wp-content\/uploads\/2025\/11\/speedikon_Unternehmensgruppe_Logo-300x73.jpg 300w, https:\/\/www.charlyverse.com\/wp-content\/uploads\/2025\/11\/speedikon_Unternehmensgruppe_Logo.jpg 450w\" sizes=\"auto, (max-width: 300px) 100vw, 300px\" \/><\/p>\n<p><img loading=\"lazy\" decoding=\"async\" class=\"alignnone wp-image-2640 size-medium\" src=\"https:\/\/www.charlyverse.com\/wp-content\/uploads\/2025\/11\/WiriTec_Unternehmensgruppe_Logo-300x73.jpg\" alt=\"WiriTec Logo\" width=\"300\" height=\"73\" srcset=\"https:\/\/www.charlyverse.com\/wp-content\/uploads\/2025\/11\/WiriTec_Unternehmensgruppe_Logo-300x73.jpg 300w, https:\/\/www.charlyverse.com\/wp-content\/uploads\/2025\/11\/WiriTec_Unternehmensgruppe_Logo.jpg 450w\" sizes=\"auto, (max-width: 300px) 100vw, 300px\" \/><\/p>\n<p><img loading=\"lazy\" decoding=\"async\" class=\"alignnone wp-image-2632 size-medium\" src=\"https:\/\/www.charlyverse.com\/wp-content\/uploads\/2025\/11\/innomatik_Unternehmensgruppe_Logo-300x73.jpg\" alt=\"innomatik Logo\" width=\"300\" height=\"73\" srcset=\"https:\/\/www.charlyverse.com\/wp-content\/uploads\/2025\/11\/innomatik_Unternehmensgruppe_Logo-300x73.jpg 300w, https:\/\/www.charlyverse.com\/wp-content\/uploads\/2025\/11\/innomatik_Unternehmensgruppe_Logo.jpg 450w\" sizes=\"auto, (max-width: 300px) 100vw, 300px\" \/><\/p>\n<p><img loading=\"lazy\" decoding=\"async\" class=\"alignnone wp-image-2628 size-medium\" src=\"https:\/\/www.charlyverse.com\/wp-content\/uploads\/2025\/11\/FRAMENCE_Unternehmensgruppe_Logo-300x73.jpg\" alt=\"FRAMENCE Logo\" width=\"300\" height=\"73\" srcset=\"https:\/\/www.charlyverse.com\/wp-content\/uploads\/2025\/11\/FRAMENCE_Unternehmensgruppe_Logo-300x73.jpg 300w, https:\/\/www.charlyverse.com\/wp-content\/uploads\/2025\/11\/FRAMENCE_Unternehmensgruppe_Logo.jpg 450w\" sizes=\"auto, (max-width: 300px) 100vw, 300px\" \/><\/p>\n","protected":false},"excerpt":{"rendered":"<p>\u00c0 propos Charlyverse Charlyverse est le portail d&rsquo;information du groupe speedikon. Nous y donnons un aper\u00e7u des d\u00e9veloppements actuels, des technologies que nous utilisons, nous \u00e9crivons sur l&rsquo;IA, les nuages de points, la gestion de l&rsquo;\u00e9nergie, les jumeaux num\u00e9riques, les centres de calcul, nos projets de recherche et la collaboration avec les universit\u00e9s. Nous expliquons [&hellip;]<\/p>\n","protected":false},"author":1,"featured_media":0,"parent":0,"menu_order":0,"comment_status":"closed","ping_status":"closed","template":"","meta":{"ocean_post_layout":"","ocean_both_sidebars_style":"","ocean_both_sidebars_content_width":0,"ocean_both_sidebars_sidebars_width":0,"ocean_sidebar":"0","ocean_second_sidebar":"0","ocean_disable_margins":"enable","ocean_add_body_class":"","ocean_shortcode_before_top_bar":"","ocean_shortcode_after_top_bar":"","ocean_shortcode_before_header":"","ocean_shortcode_after_header":"","ocean_has_shortcode":"","ocean_shortcode_after_title":"","ocean_shortcode_before_footer_widgets":"","ocean_shortcode_after_footer_widgets":"","ocean_shortcode_before_footer_bottom":"","ocean_shortcode_after_footer_bottom":"","ocean_display_top_bar":"default","ocean_display_header":"default","ocean_header_style":"","ocean_center_header_left_menu":"0","ocean_custom_header_template":"0","ocean_custom_logo":0,"ocean_custom_retina_logo":0,"ocean_custom_logo_max_width":0,"ocean_custom_logo_tablet_max_width":0,"ocean_custom_logo_mobile_max_width":0,"ocean_custom_logo_max_height":0,"ocean_custom_logo_tablet_max_height":0,"ocean_custom_logo_mobile_max_height":0,"ocean_header_custom_menu":"0","ocean_menu_typo_font_family":"0","ocean_menu_typo_font_subset":"","ocean_menu_typo_font_size":0,"ocean_menu_typo_font_size_tablet":0,"ocean_menu_typo_font_size_mobile":0,"ocean_menu_typo_font_size_unit":"px","ocean_menu_typo_font_weight":"","ocean_menu_typo_font_weight_tablet":"","ocean_menu_typo_font_weight_mobile":"","ocean_menu_typo_transform":"","ocean_menu_typo_transform_tablet":"","ocean_menu_typo_transform_mobile":"","ocean_menu_typo_line_height":0,"ocean_menu_typo_line_height_tablet":0,"ocean_menu_typo_line_height_mobile":0,"ocean_menu_typo_line_height_unit":"","ocean_menu_typo_spacing":0,"ocean_menu_typo_spacing_tablet":0,"ocean_menu_typo_spacing_mobile":0,"ocean_menu_typo_spacing_unit":"","ocean_menu_link_color":"","ocean_menu_link_color_hover":"","ocean_menu_link_color_active":"","ocean_menu_link_background":"","ocean_menu_link_hover_background":"","ocean_menu_link_active_background":"","ocean_menu_social_links_bg":"","ocean_menu_social_hover_links_bg":"","ocean_menu_social_links_color":"","ocean_menu_social_hover_links_color":"","ocean_disable_title":"default","ocean_disable_heading":"default","ocean_post_title":"","ocean_post_subheading":"","ocean_post_title_style":"","ocean_post_title_background_color":"","ocean_post_title_background":0,"ocean_post_title_bg_image_position":"","ocean_post_title_bg_image_attachment":"","ocean_post_title_bg_image_repeat":"","ocean_post_title_bg_image_size":"","ocean_post_title_height":0,"ocean_post_title_bg_overlay":0.5,"ocean_post_title_bg_overlay_color":"","ocean_disable_breadcrumbs":"default","ocean_breadcrumbs_color":"","ocean_breadcrumbs_separator_color":"","ocean_breadcrumbs_links_color":"","ocean_breadcrumbs_links_hover_color":"","ocean_display_footer_widgets":"default","ocean_display_footer_bottom":"default","ocean_custom_footer_template":"0","osh_disable_topbar_sticky":"default","osh_disable_header_sticky":"default","osh_sticky_header_style":"default","osh_sticky_header_effect":"","osh_custom_sticky_logo":0,"osh_custom_retina_sticky_logo":0,"osh_custom_sticky_logo_height":0,"osh_background_color":"","osh_links_color":"","osh_links_hover_color":"","osh_links_active_color":"","osh_links_bg_color":"","osh_links_hover_bg_color":"","osh_links_active_bg_color":"","osh_menu_social_links_color":"","osh_menu_social_hover_links_color":"","footnotes":""},"class_list":["post-1293","page","type-page","status-publish","hentry","entry"],"yoast_head":"<!-- This site is optimized with the Yoast SEO plugin v27.4 - https:\/\/yoast.com\/product\/yoast-seo-wordpress\/ -->\n<title>\u00c0 propos de nous | Charlyverse<\/title>\n<meta name=\"description\" content=\"D\u00e9couvrez le groupe speedikon et notre \u00e9quipe.\" \/>\n<meta name=\"robots\" content=\"index, follow, max-snippet:-1, max-image-preview:large, max-video-preview:-1\" \/>\n<link rel=\"canonical\" href=\"https:\/\/www.charlyverse.com\/fr\/a-propos-de-nous\/\" \/>\n<meta property=\"og:locale\" content=\"fr_FR\" \/>\n<meta property=\"og:type\" content=\"article\" \/>\n<meta property=\"og:title\" content=\"\u00c0 propos de nous | Charlyverse\" \/>\n<meta property=\"og:description\" content=\"D\u00e9couvrez le groupe speedikon et notre \u00e9quipe.\" \/>\n<meta property=\"og:url\" content=\"https:\/\/www.charlyverse.com\/fr\/a-propos-de-nous\/\" \/>\n<meta property=\"og:site_name\" content=\"Charlyverse\" \/>\n<meta property=\"article:modified_time\" content=\"2026-01-21T08:47:46+00:00\" \/>\n<meta property=\"og:image\" content=\"https:\/\/www.charlyverse.com\/wp-content\/uploads\/2025\/11\/speedikon_Unternehmensgruppe_Logo.jpg\" \/>\n\t<meta property=\"og:image:width\" content=\"450\" \/>\n\t<meta property=\"og:image:height\" content=\"110\" \/>\n\t<meta property=\"og:image:type\" content=\"image\/jpeg\" \/>\n<meta name=\"twitter:card\" content=\"summary_large_image\" \/>\n<meta name=\"twitter:label1\" content=\"Dur\u00e9e de lecture estim\u00e9e\" \/>\n\t<meta name=\"twitter:data1\" content=\"3 minutes\" \/>\n<script type=\"application\/ld+json\" class=\"yoast-schema-graph\">{\"@context\":\"https:\\\/\\\/schema.org\",\"@graph\":[{\"@type\":\"WebPage\",\"@id\":\"https:\\\/\\\/www.charlyverse.com\\\/fr\\\/a-propos-de-nous\\\/\",\"url\":\"https:\\\/\\\/www.charlyverse.com\\\/fr\\\/a-propos-de-nous\\\/\",\"name\":\"\u00c0 propos de nous | Charlyverse\",\"isPartOf\":{\"@id\":\"https:\\\/\\\/www.charlyverse.com\\\/#website\"},\"primaryImageOfPage\":{\"@id\":\"https:\\\/\\\/www.charlyverse.com\\\/fr\\\/a-propos-de-nous\\\/#primaryimage\"},\"image\":{\"@id\":\"https:\\\/\\\/www.charlyverse.com\\\/fr\\\/a-propos-de-nous\\\/#primaryimage\"},\"thumbnailUrl\":\"https:\\\/\\\/www.charlyverse.com\\\/wp-content\\\/uploads\\\/2025\\\/11\\\/speedikon_Unternehmensgruppe_Logo-300x73.jpg\",\"datePublished\":\"2025-04-14T06:59:12+00:00\",\"dateModified\":\"2026-01-21T08:47:46+00:00\",\"description\":\"D\u00e9couvrez le groupe speedikon et notre \u00e9quipe.\",\"breadcrumb\":{\"@id\":\"https:\\\/\\\/www.charlyverse.com\\\/fr\\\/a-propos-de-nous\\\/#breadcrumb\"},\"inLanguage\":\"fr-FR\",\"potentialAction\":[{\"@type\":\"ReadAction\",\"target\":[\"https:\\\/\\\/www.charlyverse.com\\\/fr\\\/a-propos-de-nous\\\/\"]}]},{\"@type\":\"ImageObject\",\"inLanguage\":\"fr-FR\",\"@id\":\"https:\\\/\\\/www.charlyverse.com\\\/fr\\\/a-propos-de-nous\\\/#primaryimage\",\"url\":\"https:\\\/\\\/www.charlyverse.com\\\/wp-content\\\/uploads\\\/2025\\\/11\\\/speedikon_Unternehmensgruppe_Logo-300x73.jpg\",\"contentUrl\":\"https:\\\/\\\/www.charlyverse.com\\\/wp-content\\\/uploads\\\/2025\\\/11\\\/speedikon_Unternehmensgruppe_Logo-300x73.jpg\"},{\"@type\":\"BreadcrumbList\",\"@id\":\"https:\\\/\\\/www.charlyverse.com\\\/fr\\\/a-propos-de-nous\\\/#breadcrumb\",\"itemListElement\":[{\"@type\":\"ListItem\",\"position\":1,\"name\":\"Start\",\"item\":\"https:\\\/\\\/www.charlyverse.com\\\/\"},{\"@type\":\"ListItem\",\"position\":2,\"name\":\"\u00c0 propos de nous\"}]},{\"@type\":\"WebSite\",\"@id\":\"https:\\\/\\\/www.charlyverse.com\\\/#website\",\"url\":\"https:\\\/\\\/www.charlyverse.com\\\/\",\"name\":\"Charlyverse\",\"description\":\"Home\",\"publisher\":{\"@id\":\"https:\\\/\\\/www.charlyverse.com\\\/#organization\"},\"potentialAction\":[{\"@type\":\"SearchAction\",\"target\":{\"@type\":\"EntryPoint\",\"urlTemplate\":\"https:\\\/\\\/www.charlyverse.com\\\/?s={search_term_string}\"},\"query-input\":{\"@type\":\"PropertyValueSpecification\",\"valueRequired\":true,\"valueName\":\"search_term_string\"}}],\"inLanguage\":\"fr-FR\"},{\"@type\":\"Organization\",\"@id\":\"https:\\\/\\\/www.charlyverse.com\\\/#organization\",\"name\":\"Charlyverse\",\"url\":\"https:\\\/\\\/www.charlyverse.com\\\/\",\"logo\":{\"@type\":\"ImageObject\",\"inLanguage\":\"fr-FR\",\"@id\":\"https:\\\/\\\/www.charlyverse.com\\\/#\\\/schema\\\/logo\\\/image\\\/\",\"url\":\"https:\\\/\\\/www.charlyverse.com\\\/wp-content\\\/uploads\\\/2025\\\/05\\\/Charlyverse_Favicon_32x32.png\",\"contentUrl\":\"https:\\\/\\\/www.charlyverse.com\\\/wp-content\\\/uploads\\\/2025\\\/05\\\/Charlyverse_Favicon_32x32.png\",\"width\":32,\"height\":32,\"caption\":\"Charlyverse\"},\"image\":{\"@id\":\"https:\\\/\\\/www.charlyverse.com\\\/#\\\/schema\\\/logo\\\/image\\\/\"}}]}<\/script>\n<!-- \/ Yoast SEO plugin. -->","yoast_head_json":{"title":"\u00c0 propos de nous | Charlyverse","description":"D\u00e9couvrez le groupe speedikon et notre \u00e9quipe.","robots":{"index":"index","follow":"follow","max-snippet":"max-snippet:-1","max-image-preview":"max-image-preview:large","max-video-preview":"max-video-preview:-1"},"canonical":"https:\/\/www.charlyverse.com\/fr\/a-propos-de-nous\/","og_locale":"fr_FR","og_type":"article","og_title":"\u00c0 propos de nous | Charlyverse","og_description":"D\u00e9couvrez le groupe speedikon et notre \u00e9quipe.","og_url":"https:\/\/www.charlyverse.com\/fr\/a-propos-de-nous\/","og_site_name":"Charlyverse","article_modified_time":"2026-01-21T08:47:46+00:00","og_image":[{"width":450,"height":110,"url":"https:\/\/www.charlyverse.com\/wp-content\/uploads\/2025\/11\/speedikon_Unternehmensgruppe_Logo.jpg","type":"image\/jpeg"}],"twitter_card":"summary_large_image","twitter_misc":{"Dur\u00e9e de lecture estim\u00e9e":"3 minutes"},"schema":{"@context":"https:\/\/schema.org","@graph":[{"@type":"WebPage","@id":"https:\/\/www.charlyverse.com\/fr\/a-propos-de-nous\/","url":"https:\/\/www.charlyverse.com\/fr\/a-propos-de-nous\/","name":"\u00c0 propos de nous | Charlyverse","isPartOf":{"@id":"https:\/\/www.charlyverse.com\/#website"},"primaryImageOfPage":{"@id":"https:\/\/www.charlyverse.com\/fr\/a-propos-de-nous\/#primaryimage"},"image":{"@id":"https:\/\/www.charlyverse.com\/fr\/a-propos-de-nous\/#primaryimage"},"thumbnailUrl":"https:\/\/www.charlyverse.com\/wp-content\/uploads\/2025\/11\/speedikon_Unternehmensgruppe_Logo-300x73.jpg","datePublished":"2025-04-14T06:59:12+00:00","dateModified":"2026-01-21T08:47:46+00:00","description":"D\u00e9couvrez le groupe speedikon et notre \u00e9quipe.","breadcrumb":{"@id":"https:\/\/www.charlyverse.com\/fr\/a-propos-de-nous\/#breadcrumb"},"inLanguage":"fr-FR","potentialAction":[{"@type":"ReadAction","target":["https:\/\/www.charlyverse.com\/fr\/a-propos-de-nous\/"]}]},{"@type":"ImageObject","inLanguage":"fr-FR","@id":"https:\/\/www.charlyverse.com\/fr\/a-propos-de-nous\/#primaryimage","url":"https:\/\/www.charlyverse.com\/wp-content\/uploads\/2025\/11\/speedikon_Unternehmensgruppe_Logo-300x73.jpg","contentUrl":"https:\/\/www.charlyverse.com\/wp-content\/uploads\/2025\/11\/speedikon_Unternehmensgruppe_Logo-300x73.jpg"},{"@type":"BreadcrumbList","@id":"https:\/\/www.charlyverse.com\/fr\/a-propos-de-nous\/#breadcrumb","itemListElement":[{"@type":"ListItem","position":1,"name":"Start","item":"https:\/\/www.charlyverse.com\/"},{"@type":"ListItem","position":2,"name":"\u00c0 propos de nous"}]},{"@type":"WebSite","@id":"https:\/\/www.charlyverse.com\/#website","url":"https:\/\/www.charlyverse.com\/","name":"Charlyverse","description":"Home","publisher":{"@id":"https:\/\/www.charlyverse.com\/#organization"},"potentialAction":[{"@type":"SearchAction","target":{"@type":"EntryPoint","urlTemplate":"https:\/\/www.charlyverse.com\/?s={search_term_string}"},"query-input":{"@type":"PropertyValueSpecification","valueRequired":true,"valueName":"search_term_string"}}],"inLanguage":"fr-FR"},{"@type":"Organization","@id":"https:\/\/www.charlyverse.com\/#organization","name":"Charlyverse","url":"https:\/\/www.charlyverse.com\/","logo":{"@type":"ImageObject","inLanguage":"fr-FR","@id":"https:\/\/www.charlyverse.com\/#\/schema\/logo\/image\/","url":"https:\/\/www.charlyverse.com\/wp-content\/uploads\/2025\/05\/Charlyverse_Favicon_32x32.png","contentUrl":"https:\/\/www.charlyverse.com\/wp-content\/uploads\/2025\/05\/Charlyverse_Favicon_32x32.png","width":32,"height":32,"caption":"Charlyverse"},"image":{"@id":"https:\/\/www.charlyverse.com\/#\/schema\/logo\/image\/"}}]}},"_links":{"self":[{"href":"https:\/\/www.charlyverse.com\/fr\/wp-json\/wp\/v2\/pages\/1293","targetHints":{"allow":["GET"]}}],"collection":[{"href":"https:\/\/www.charlyverse.com\/fr\/wp-json\/wp\/v2\/pages"}],"about":[{"href":"https:\/\/www.charlyverse.com\/fr\/wp-json\/wp\/v2\/types\/page"}],"author":[{"embeddable":true,"href":"https:\/\/www.charlyverse.com\/fr\/wp-json\/wp\/v2\/users\/1"}],"replies":[{"embeddable":true,"href":"https:\/\/www.charlyverse.com\/fr\/wp-json\/wp\/v2\/comments?post=1293"}],"version-history":[{"count":8,"href":"https:\/\/www.charlyverse.com\/fr\/wp-json\/wp\/v2\/pages\/1293\/revisions"}],"predecessor-version":[{"id":2647,"href":"https:\/\/www.charlyverse.com\/fr\/wp-json\/wp\/v2\/pages\/1293\/revisions\/2647"}],"wp:attachment":[{"href":"https:\/\/www.charlyverse.com\/fr\/wp-json\/wp\/v2\/media?parent=1293"}],"curies":[{"name":"wp","href":"https:\/\/api.w.org\/{rel}","templated":true}]}}