{"id":1469,"date":"2025-04-10T10:25:08","date_gmt":"2025-04-10T08:25:08","guid":{"rendered":"https:\/\/www.charlyverse.com\/contact\/"},"modified":"2026-01-21T09:39:37","modified_gmt":"2026-01-21T08:39:37","slug":"contact","status":"publish","type":"page","link":"https:\/\/www.charlyverse.com\/es\/contact\/","title":{"rendered":"Contacto"},"content":{"rendered":"<h1 class=\"entry-title\"><span data-teams=\"true\"><strong>Contacto<\/strong><\/span><\/h1>\n<p><img loading=\"lazy\" decoding=\"async\" class=\"alignnone wp-image-1239 \" src=\"https:\/\/www.charlyverse.com\/wp-content\/uploads\/2025\/05\/Charlyverse_Kontakt.jpg\" alt=\"\" width=\"280\" height=\"280\" \/><\/p>\n<p><strong>speedikon Facility Management AG<\/strong><br \/>\nBerliner Ring 103<br \/>\n64625 Bensheim<br \/>\nAlemania<\/p>\n<p>Tel\u00e9fono: +49 6251 584-0<br \/>\nCorreo electr\u00f3nico:\u00a0<a id=\"menur5bs\" class=\"fui-Link ___1q1shib f2hkw1w f3rmtva f1ewtqcl fyind8e f1k6fduh f1w7gpdv fk6fouc fjoy568 figsok6 f1s184ao f1mk8lai fnbmjn9 f1o700av f13mvf36 f1cmlufx f9n3di6 f1ids18y f1tx3yz7 f1deo86v f1eh06m1 f1iescvh fhgqx19 f1olyrje f1p93eir f1nev41a f1h8hb77 f1lqvz6u f10aw75t fsle3fq f17ae5zn\" title=\"mailto:information@speedikonfm.com\" href=\"mailto:information@speedikonfm.com\" target=\"_blank\" rel=\"noreferrer noopener\" aria-label=\"Link information@speedikonfm.com\">information@speedikonfm.com<\/a><\/p>\n","protected":false},"excerpt":{"rendered":"<p>Contacto speedikon Facility Management AG Berliner Ring 103 64625 Bensheim Alemania Tel\u00e9fono: +49 6251 584-0 Correo electr\u00f3nico:\u00a0information@speedikonfm.com<\/p>\n","protected":false},"author":1,"featured_media":0,"parent":0,"menu_order":0,"comment_status":"closed","ping_status":"closed","template":"","meta":{"ocean_post_layout":"","ocean_both_sidebars_style":"","ocean_both_sidebars_content_width":0,"ocean_both_sidebars_sidebars_width":0,"ocean_sidebar":"0","ocean_second_sidebar":"0","ocean_disable_margins":"enable","ocean_add_body_class":"","ocean_shortcode_before_top_bar":"","ocean_shortcode_after_top_bar":"","ocean_shortcode_before_header":"","ocean_shortcode_after_header":"","ocean_has_shortcode":"","ocean_shortcode_after_title":"","ocean_shortcode_before_footer_widgets":"","ocean_shortcode_after_footer_widgets":"","ocean_shortcode_before_footer_bottom":"","ocean_shortcode_after_footer_bottom":"","ocean_display_top_bar":"default","ocean_display_header":"default","ocean_header_style":"","ocean_center_header_left_menu":"0","ocean_custom_header_template":"0","ocean_custom_logo":0,"ocean_custom_retina_logo":0,"ocean_custom_logo_max_width":0,"ocean_custom_logo_tablet_max_width":0,"ocean_custom_logo_mobile_max_width":0,"ocean_custom_logo_max_height":0,"ocean_custom_logo_tablet_max_height":0,"ocean_custom_logo_mobile_max_height":0,"ocean_header_custom_menu":"0","ocean_menu_typo_font_family":"0","ocean_menu_typo_font_subset":"","ocean_menu_typo_font_size":0,"ocean_menu_typo_font_size_tablet":0,"ocean_menu_typo_font_size_mobile":0,"ocean_menu_typo_font_size_unit":"px","ocean_menu_typo_font_weight":"","ocean_menu_typo_font_weight_tablet":"","ocean_menu_typo_font_weight_mobile":"","ocean_menu_typo_transform":"","ocean_menu_typo_transform_tablet":"","ocean_menu_typo_transform_mobile":"","ocean_menu_typo_line_height":0,"ocean_menu_typo_line_height_tablet":0,"ocean_menu_typo_line_height_mobile":0,"ocean_menu_typo_line_height_unit":"","ocean_menu_typo_spacing":0,"ocean_menu_typo_spacing_tablet":0,"ocean_menu_typo_spacing_mobile":0,"ocean_menu_typo_spacing_unit":"","ocean_menu_link_color":"","ocean_menu_link_color_hover":"","ocean_menu_link_color_active":"","ocean_menu_link_background":"","ocean_menu_link_hover_background":"","ocean_menu_link_active_background":"","ocean_menu_social_links_bg":"","ocean_menu_social_hover_links_bg":"","ocean_menu_social_links_color":"","ocean_menu_social_hover_links_color":"","ocean_disable_title":"default","ocean_disable_heading":"default","ocean_post_title":"","ocean_post_subheading":"","ocean_post_title_style":"","ocean_post_title_background_color":"","ocean_post_title_background":0,"ocean_post_title_bg_image_position":"","ocean_post_title_bg_image_attachment":"","ocean_post_title_bg_image_repeat":"","ocean_post_title_bg_image_size":"","ocean_post_title_height":0,"ocean_post_title_bg_overlay":0.5,"ocean_post_title_bg_overlay_color":"","ocean_disable_breadcrumbs":"default","ocean_breadcrumbs_color":"","ocean_breadcrumbs_separator_color":"","ocean_breadcrumbs_links_color":"","ocean_breadcrumbs_links_hover_color":"","ocean_display_footer_widgets":"default","ocean_display_footer_bottom":"default","ocean_custom_footer_template":"0","osh_disable_topbar_sticky":"default","osh_disable_header_sticky":"default","osh_sticky_header_style":"default","osh_sticky_header_effect":"","osh_custom_sticky_logo":0,"osh_custom_retina_sticky_logo":0,"osh_custom_sticky_logo_height":0,"osh_background_color":"","osh_links_color":"","osh_links_hover_color":"","osh_links_active_color":"","osh_links_bg_color":"","osh_links_hover_bg_color":"","osh_links_active_bg_color":"","osh_menu_social_links_color":"","osh_menu_social_hover_links_color":"","footnotes":""},"class_list":["post-1469","page","type-page","status-publish","hentry","entry"],"yoast_head":"<!-- This site is optimized with the Yoast SEO plugin v27.4 - https:\/\/yoast.com\/product\/yoast-seo-wordpress\/ -->\n<title>Contacto | Charlyverse<\/title>\n<meta name=\"description\" content=\"P\u00f3ngase en contacto con nosotros. Estaremos encantados de responder a sus preguntas sobre digitalizaci\u00f3n y nuevas tecnolog\u00edas.\" \/>\n<meta name=\"robots\" content=\"index, follow, max-snippet:-1, max-image-preview:large, max-video-preview:-1\" \/>\n<link rel=\"canonical\" href=\"https:\/\/www.charlyverse.com\/es\/contact\/\" \/>\n<meta property=\"og:locale\" content=\"es_ES\" \/>\n<meta property=\"og:type\" content=\"article\" \/>\n<meta property=\"og:title\" content=\"Contacto | Charlyverse\" \/>\n<meta property=\"og:description\" content=\"P\u00f3ngase en contacto con nosotros. Estaremos encantados de responder a sus preguntas sobre digitalizaci\u00f3n y nuevas tecnolog\u00edas.\" \/>\n<meta property=\"og:url\" content=\"https:\/\/www.charlyverse.com\/es\/contact\/\" \/>\n<meta property=\"og:site_name\" content=\"Charlyverse\" \/>\n<meta property=\"article:modified_time\" content=\"2026-01-21T08:39:37+00:00\" \/>\n<meta property=\"og:image\" content=\"https:\/\/www.charlyverse.com\/wp-content\/uploads\/2025\/05\/Charlyverse_Kontakt.jpg\" \/>\n\t<meta property=\"og:image:width\" content=\"500\" \/>\n\t<meta property=\"og:image:height\" content=\"500\" \/>\n\t<meta property=\"og:image:type\" content=\"image\/jpeg\" \/>\n<meta name=\"twitter:card\" content=\"summary_large_image\" \/>\n<meta name=\"twitter:label1\" content=\"Tiempo de lectura\" \/>\n\t<meta name=\"twitter:data1\" content=\"1 minuto\" \/>\n<script type=\"application\/ld+json\" class=\"yoast-schema-graph\">{\"@context\":\"https:\\\/\\\/schema.org\",\"@graph\":[{\"@type\":\"WebPage\",\"@id\":\"https:\\\/\\\/www.charlyverse.com\\\/es\\\/contact\\\/\",\"url\":\"https:\\\/\\\/www.charlyverse.com\\\/es\\\/contact\\\/\",\"name\":\"Contacto | Charlyverse\",\"isPartOf\":{\"@id\":\"https:\\\/\\\/www.charlyverse.com\\\/#website\"},\"primaryImageOfPage\":{\"@id\":\"https:\\\/\\\/www.charlyverse.com\\\/es\\\/contact\\\/#primaryimage\"},\"image\":{\"@id\":\"https:\\\/\\\/www.charlyverse.com\\\/es\\\/contact\\\/#primaryimage\"},\"thumbnailUrl\":\"https:\\\/\\\/www.charlyverse.com\\\/wp-content\\\/uploads\\\/2025\\\/05\\\/Charlyverse_Kontakt.jpg\",\"datePublished\":\"2025-04-10T08:25:08+00:00\",\"dateModified\":\"2026-01-21T08:39:37+00:00\",\"description\":\"P\u00f3ngase en contacto con nosotros. Estaremos encantados de responder a sus preguntas sobre digitalizaci\u00f3n y nuevas tecnolog\u00edas.\",\"breadcrumb\":{\"@id\":\"https:\\\/\\\/www.charlyverse.com\\\/es\\\/contact\\\/#breadcrumb\"},\"inLanguage\":\"es\",\"potentialAction\":[{\"@type\":\"ReadAction\",\"target\":[\"https:\\\/\\\/www.charlyverse.com\\\/es\\\/contact\\\/\"]}]},{\"@type\":\"ImageObject\",\"inLanguage\":\"es\",\"@id\":\"https:\\\/\\\/www.charlyverse.com\\\/es\\\/contact\\\/#primaryimage\",\"url\":\"https:\\\/\\\/www.charlyverse.com\\\/wp-content\\\/uploads\\\/2025\\\/05\\\/Charlyverse_Kontakt.jpg\",\"contentUrl\":\"https:\\\/\\\/www.charlyverse.com\\\/wp-content\\\/uploads\\\/2025\\\/05\\\/Charlyverse_Kontakt.jpg\"},{\"@type\":\"BreadcrumbList\",\"@id\":\"https:\\\/\\\/www.charlyverse.com\\\/es\\\/contact\\\/#breadcrumb\",\"itemListElement\":[{\"@type\":\"ListItem\",\"position\":1,\"name\":\"Start\",\"item\":\"https:\\\/\\\/www.charlyverse.com\\\/\"},{\"@type\":\"ListItem\",\"position\":2,\"name\":\"Contacto\"}]},{\"@type\":\"WebSite\",\"@id\":\"https:\\\/\\\/www.charlyverse.com\\\/#website\",\"url\":\"https:\\\/\\\/www.charlyverse.com\\\/\",\"name\":\"Charlyverse\",\"description\":\"Home\",\"publisher\":{\"@id\":\"https:\\\/\\\/www.charlyverse.com\\\/#organization\"},\"potentialAction\":[{\"@type\":\"SearchAction\",\"target\":{\"@type\":\"EntryPoint\",\"urlTemplate\":\"https:\\\/\\\/www.charlyverse.com\\\/?s={search_term_string}\"},\"query-input\":{\"@type\":\"PropertyValueSpecification\",\"valueRequired\":true,\"valueName\":\"search_term_string\"}}],\"inLanguage\":\"es\"},{\"@type\":\"Organization\",\"@id\":\"https:\\\/\\\/www.charlyverse.com\\\/#organization\",\"name\":\"Charlyverse\",\"url\":\"https:\\\/\\\/www.charlyverse.com\\\/\",\"logo\":{\"@type\":\"ImageObject\",\"inLanguage\":\"es\",\"@id\":\"https:\\\/\\\/www.charlyverse.com\\\/#\\\/schema\\\/logo\\\/image\\\/\",\"url\":\"https:\\\/\\\/www.charlyverse.com\\\/wp-content\\\/uploads\\\/2025\\\/05\\\/Charlyverse_Favicon_32x32.png\",\"contentUrl\":\"https:\\\/\\\/www.charlyverse.com\\\/wp-content\\\/uploads\\\/2025\\\/05\\\/Charlyverse_Favicon_32x32.png\",\"width\":32,\"height\":32,\"caption\":\"Charlyverse\"},\"image\":{\"@id\":\"https:\\\/\\\/www.charlyverse.com\\\/#\\\/schema\\\/logo\\\/image\\\/\"}}]}<\/script>\n<!-- \/ Yoast SEO plugin. -->","yoast_head_json":{"title":"Contacto | Charlyverse","description":"P\u00f3ngase en contacto con nosotros. Estaremos encantados de responder a sus preguntas sobre digitalizaci\u00f3n y nuevas tecnolog\u00edas.","robots":{"index":"index","follow":"follow","max-snippet":"max-snippet:-1","max-image-preview":"max-image-preview:large","max-video-preview":"max-video-preview:-1"},"canonical":"https:\/\/www.charlyverse.com\/es\/contact\/","og_locale":"es_ES","og_type":"article","og_title":"Contacto | Charlyverse","og_description":"P\u00f3ngase en contacto con nosotros. Estaremos encantados de responder a sus preguntas sobre digitalizaci\u00f3n y nuevas tecnolog\u00edas.","og_url":"https:\/\/www.charlyverse.com\/es\/contact\/","og_site_name":"Charlyverse","article_modified_time":"2026-01-21T08:39:37+00:00","og_image":[{"width":500,"height":500,"url":"https:\/\/www.charlyverse.com\/wp-content\/uploads\/2025\/05\/Charlyverse_Kontakt.jpg","type":"image\/jpeg"}],"twitter_card":"summary_large_image","twitter_misc":{"Tiempo de lectura":"1 minuto"},"schema":{"@context":"https:\/\/schema.org","@graph":[{"@type":"WebPage","@id":"https:\/\/www.charlyverse.com\/es\/contact\/","url":"https:\/\/www.charlyverse.com\/es\/contact\/","name":"Contacto | Charlyverse","isPartOf":{"@id":"https:\/\/www.charlyverse.com\/#website"},"primaryImageOfPage":{"@id":"https:\/\/www.charlyverse.com\/es\/contact\/#primaryimage"},"image":{"@id":"https:\/\/www.charlyverse.com\/es\/contact\/#primaryimage"},"thumbnailUrl":"https:\/\/www.charlyverse.com\/wp-content\/uploads\/2025\/05\/Charlyverse_Kontakt.jpg","datePublished":"2025-04-10T08:25:08+00:00","dateModified":"2026-01-21T08:39:37+00:00","description":"P\u00f3ngase en contacto con nosotros. Estaremos encantados de responder a sus preguntas sobre digitalizaci\u00f3n y nuevas tecnolog\u00edas.","breadcrumb":{"@id":"https:\/\/www.charlyverse.com\/es\/contact\/#breadcrumb"},"inLanguage":"es","potentialAction":[{"@type":"ReadAction","target":["https:\/\/www.charlyverse.com\/es\/contact\/"]}]},{"@type":"ImageObject","inLanguage":"es","@id":"https:\/\/www.charlyverse.com\/es\/contact\/#primaryimage","url":"https:\/\/www.charlyverse.com\/wp-content\/uploads\/2025\/05\/Charlyverse_Kontakt.jpg","contentUrl":"https:\/\/www.charlyverse.com\/wp-content\/uploads\/2025\/05\/Charlyverse_Kontakt.jpg"},{"@type":"BreadcrumbList","@id":"https:\/\/www.charlyverse.com\/es\/contact\/#breadcrumb","itemListElement":[{"@type":"ListItem","position":1,"name":"Start","item":"https:\/\/www.charlyverse.com\/"},{"@type":"ListItem","position":2,"name":"Contacto"}]},{"@type":"WebSite","@id":"https:\/\/www.charlyverse.com\/#website","url":"https:\/\/www.charlyverse.com\/","name":"Charlyverse","description":"Home","publisher":{"@id":"https:\/\/www.charlyverse.com\/#organization"},"potentialAction":[{"@type":"SearchAction","target":{"@type":"EntryPoint","urlTemplate":"https:\/\/www.charlyverse.com\/?s={search_term_string}"},"query-input":{"@type":"PropertyValueSpecification","valueRequired":true,"valueName":"search_term_string"}}],"inLanguage":"es"},{"@type":"Organization","@id":"https:\/\/www.charlyverse.com\/#organization","name":"Charlyverse","url":"https:\/\/www.charlyverse.com\/","logo":{"@type":"ImageObject","inLanguage":"es","@id":"https:\/\/www.charlyverse.com\/#\/schema\/logo\/image\/","url":"https:\/\/www.charlyverse.com\/wp-content\/uploads\/2025\/05\/Charlyverse_Favicon_32x32.png","contentUrl":"https:\/\/www.charlyverse.com\/wp-content\/uploads\/2025\/05\/Charlyverse_Favicon_32x32.png","width":32,"height":32,"caption":"Charlyverse"},"image":{"@id":"https:\/\/www.charlyverse.com\/#\/schema\/logo\/image\/"}}]}},"_links":{"self":[{"href":"https:\/\/www.charlyverse.com\/es\/wp-json\/wp\/v2\/pages\/1469","targetHints":{"allow":["GET"]}}],"collection":[{"href":"https:\/\/www.charlyverse.com\/es\/wp-json\/wp\/v2\/pages"}],"about":[{"href":"https:\/\/www.charlyverse.com\/es\/wp-json\/wp\/v2\/types\/page"}],"author":[{"embeddable":true,"href":"https:\/\/www.charlyverse.com\/es\/wp-json\/wp\/v2\/users\/1"}],"replies":[{"embeddable":true,"href":"https:\/\/www.charlyverse.com\/es\/wp-json\/wp\/v2\/comments?post=1469"}],"version-history":[{"count":6,"href":"https:\/\/www.charlyverse.com\/es\/wp-json\/wp\/v2\/pages\/1469\/revisions"}],"predecessor-version":[{"id":2855,"href":"https:\/\/www.charlyverse.com\/es\/wp-json\/wp\/v2\/pages\/1469\/revisions\/2855"}],"wp:attachment":[{"href":"https:\/\/www.charlyverse.com\/es\/wp-json\/wp\/v2\/media?parent=1469"}],"curies":[{"name":"wp","href":"https:\/\/api.w.org\/{rel}","templated":true}]}}