{"id":1295,"date":"2025-04-14T08:59:12","date_gmt":"2025-04-14T06:59:12","guid":{"rendered":"https:\/\/www.charlyverse.com\/about-us\/"},"modified":"2026-01-21T09:47:15","modified_gmt":"2026-01-21T08:47:15","slug":"sobre-nosotros","status":"publish","type":"page","link":"https:\/\/www.charlyverse.com\/es\/sobre-nosotros\/","title":{"rendered":"Sobre nosotros"},"content":{"rendered":"<h1>Sobre el Charlyverse<\/h1>\n<p>Charlyverse es el portal de noticias del Grupo speedikon.<\/p>\n<p>Aqu\u00ed ofrecemos informaci\u00f3n sobre los avances actuales, las tecnolog\u00edas que utilizamos, escribimos sobre IA, nubes de puntos, gesti\u00f3n energ\u00e9tica, gemelos digitales, centros de datos, nuestros proyectos de investigaci\u00f3n y la cooperaci\u00f3n con universidades.<\/p>\n<p>Explicamos fundamentos t\u00e9cnicos, arrojamos luz sobre el trasfondo, hacemos transparente lo que a menudo permanece oculto, retomamos estrategias y miramos m\u00e1s all\u00e1 del horizonte para que usted est\u00e9 siempre al tanto de lo que es importante actualmente y de lo que lo ser\u00e1 pronto.<\/p>\n<p>Por supuesto, tambi\u00e9n informaremos de vez en cuando sobre las empresas del grupo, sobre nuevos productos, aplicaciones, clientes, empleados y \u00e9xitos en <a href=\"https:\/\/www.speedikonfm.com\" target=\"_blank\" rel=\"noopener\">speedikon FM<\/a>, <a href=\"https:\/\/www.framence.com\" target=\"_blank\" rel=\"noopener\">Framence<\/a>, <a href=\"https:\/\/www.innomatik.com\" target=\"_blank\" rel=\"noopener\">innomatik<\/a> y <a href=\"https:\/\/www.wiritec.com\" target=\"_blank\" rel=\"noopener\">WiriTec<\/a>. Y sobre las ventajas de tener todo construido sobre una plataforma altamente flexible y soluciones que pueden integrarse totalmente.<\/p>\n<p>Por tanto, el Charlyverse le ofrece una amplia gama de temas que proporcionan un nuevo impulso para su trabajo diario y responden a preguntas importantes sobre el futuro ahora mismo.<\/p>\n<p>Al igual que hacen nuestras aplicaciones.<\/p>\n<p>&nbsp;<\/p>\n<h2>PD: Unas palabras sobre el Grupo speedikon<\/h2>\n<p>El Grupo speedikon es un grupo de empresas dedicadas a la viabilidad futura del software para CREM, FM y mantenimiento en la industria. Nuestras soluciones est\u00e1n ampliamente diversificadas y abordan una amplia gama de requisitos en la gesti\u00f3n de instalaciones, el mantenimiento industrial y \u00e1reas relacionadas, desde los cl\u00e1sicos libros de sala hasta los procesos de mantenimiento y la imagen integradora, pasando por la rob\u00f3tica y la IA.<\/p>\n<p>&nbsp;<\/p>\n<p><img loading=\"lazy\" decoding=\"async\" class=\"alignnone wp-image-2637 size-medium\" src=\"https:\/\/www.charlyverse.com\/wp-content\/uploads\/2025\/11\/speedikon_Unternehmensgruppe_Logo-300x73.jpg\" alt=\"speedikon FM AG Logo\" width=\"300\" height=\"73\" srcset=\"https:\/\/www.charlyverse.com\/wp-content\/uploads\/2025\/11\/speedikon_Unternehmensgruppe_Logo-300x73.jpg 300w, https:\/\/www.charlyverse.com\/wp-content\/uploads\/2025\/11\/speedikon_Unternehmensgruppe_Logo.jpg 450w\" sizes=\"auto, (max-width: 300px) 100vw, 300px\" \/><\/p>\n<p><img loading=\"lazy\" decoding=\"async\" class=\"alignnone wp-image-2641 size-medium\" src=\"https:\/\/www.charlyverse.com\/wp-content\/uploads\/2025\/11\/WiriTec_Unternehmensgruppe_Logo-300x73.jpg\" alt=\"WiriTec Logo\" width=\"300\" height=\"73\" srcset=\"https:\/\/www.charlyverse.com\/wp-content\/uploads\/2025\/11\/WiriTec_Unternehmensgruppe_Logo-300x73.jpg 300w, https:\/\/www.charlyverse.com\/wp-content\/uploads\/2025\/11\/WiriTec_Unternehmensgruppe_Logo.jpg 450w\" sizes=\"auto, (max-width: 300px) 100vw, 300px\" \/><\/p>\n<p><img loading=\"lazy\" decoding=\"async\" class=\"alignnone wp-image-2633 size-medium\" src=\"https:\/\/www.charlyverse.com\/wp-content\/uploads\/2025\/11\/innomatik_Unternehmensgruppe_Logo-300x73.jpg\" alt=\"innomatik Logo\" width=\"300\" height=\"73\" srcset=\"https:\/\/www.charlyverse.com\/wp-content\/uploads\/2025\/11\/innomatik_Unternehmensgruppe_Logo-300x73.jpg 300w, https:\/\/www.charlyverse.com\/wp-content\/uploads\/2025\/11\/innomatik_Unternehmensgruppe_Logo.jpg 450w\" sizes=\"auto, (max-width: 300px) 100vw, 300px\" \/><\/p>\n<p><img loading=\"lazy\" decoding=\"async\" class=\"alignnone wp-image-2629 size-medium\" src=\"https:\/\/www.charlyverse.com\/wp-content\/uploads\/2025\/11\/FRAMENCE_Unternehmensgruppe_Logo-300x73.jpg\" alt=\"FRAMENCE Logo\" width=\"300\" height=\"73\" srcset=\"https:\/\/www.charlyverse.com\/wp-content\/uploads\/2025\/11\/FRAMENCE_Unternehmensgruppe_Logo-300x73.jpg 300w, https:\/\/www.charlyverse.com\/wp-content\/uploads\/2025\/11\/FRAMENCE_Unternehmensgruppe_Logo.jpg 450w\" sizes=\"auto, (max-width: 300px) 100vw, 300px\" \/><\/p>\n","protected":false},"excerpt":{"rendered":"<p>Sobre el Charlyverse Charlyverse es el portal de noticias del Grupo speedikon. Aqu\u00ed ofrecemos informaci\u00f3n sobre los avances actuales, las tecnolog\u00edas que utilizamos, escribimos sobre IA, nubes de puntos, gesti\u00f3n energ\u00e9tica, gemelos digitales, centros de datos, nuestros proyectos de investigaci\u00f3n y la cooperaci\u00f3n con universidades. Explicamos fundamentos t\u00e9cnicos, arrojamos luz sobre el trasfondo, hacemos transparente [&hellip;]<\/p>\n","protected":false},"author":1,"featured_media":0,"parent":0,"menu_order":0,"comment_status":"closed","ping_status":"closed","template":"","meta":{"ocean_post_layout":"","ocean_both_sidebars_style":"","ocean_both_sidebars_content_width":0,"ocean_both_sidebars_sidebars_width":0,"ocean_sidebar":"0","ocean_second_sidebar":"0","ocean_disable_margins":"enable","ocean_add_body_class":"","ocean_shortcode_before_top_bar":"","ocean_shortcode_after_top_bar":"","ocean_shortcode_before_header":"","ocean_shortcode_after_header":"","ocean_has_shortcode":"","ocean_shortcode_after_title":"","ocean_shortcode_before_footer_widgets":"","ocean_shortcode_after_footer_widgets":"","ocean_shortcode_before_footer_bottom":"","ocean_shortcode_after_footer_bottom":"","ocean_display_top_bar":"default","ocean_display_header":"default","ocean_header_style":"","ocean_center_header_left_menu":"0","ocean_custom_header_template":"0","ocean_custom_logo":0,"ocean_custom_retina_logo":0,"ocean_custom_logo_max_width":0,"ocean_custom_logo_tablet_max_width":0,"ocean_custom_logo_mobile_max_width":0,"ocean_custom_logo_max_height":0,"ocean_custom_logo_tablet_max_height":0,"ocean_custom_logo_mobile_max_height":0,"ocean_header_custom_menu":"0","ocean_menu_typo_font_family":"0","ocean_menu_typo_font_subset":"","ocean_menu_typo_font_size":0,"ocean_menu_typo_font_size_tablet":0,"ocean_menu_typo_font_size_mobile":0,"ocean_menu_typo_font_size_unit":"px","ocean_menu_typo_font_weight":"","ocean_menu_typo_font_weight_tablet":"","ocean_menu_typo_font_weight_mobile":"","ocean_menu_typo_transform":"","ocean_menu_typo_transform_tablet":"","ocean_menu_typo_transform_mobile":"","ocean_menu_typo_line_height":0,"ocean_menu_typo_line_height_tablet":0,"ocean_menu_typo_line_height_mobile":0,"ocean_menu_typo_line_height_unit":"","ocean_menu_typo_spacing":0,"ocean_menu_typo_spacing_tablet":0,"ocean_menu_typo_spacing_mobile":0,"ocean_menu_typo_spacing_unit":"","ocean_menu_link_color":"","ocean_menu_link_color_hover":"","ocean_menu_link_color_active":"","ocean_menu_link_background":"","ocean_menu_link_hover_background":"","ocean_menu_link_active_background":"","ocean_menu_social_links_bg":"","ocean_menu_social_hover_links_bg":"","ocean_menu_social_links_color":"","ocean_menu_social_hover_links_color":"","ocean_disable_title":"default","ocean_disable_heading":"default","ocean_post_title":"","ocean_post_subheading":"","ocean_post_title_style":"","ocean_post_title_background_color":"","ocean_post_title_background":0,"ocean_post_title_bg_image_position":"","ocean_post_title_bg_image_attachment":"","ocean_post_title_bg_image_repeat":"","ocean_post_title_bg_image_size":"","ocean_post_title_height":0,"ocean_post_title_bg_overlay":0.5,"ocean_post_title_bg_overlay_color":"","ocean_disable_breadcrumbs":"default","ocean_breadcrumbs_color":"","ocean_breadcrumbs_separator_color":"","ocean_breadcrumbs_links_color":"","ocean_breadcrumbs_links_hover_color":"","ocean_display_footer_widgets":"default","ocean_display_footer_bottom":"default","ocean_custom_footer_template":"0","osh_disable_topbar_sticky":"default","osh_disable_header_sticky":"default","osh_sticky_header_style":"default","osh_sticky_header_effect":"","osh_custom_sticky_logo":0,"osh_custom_retina_sticky_logo":0,"osh_custom_sticky_logo_height":0,"osh_background_color":"","osh_links_color":"","osh_links_hover_color":"","osh_links_active_color":"","osh_links_bg_color":"","osh_links_hover_bg_color":"","osh_links_active_bg_color":"","osh_menu_social_links_color":"","osh_menu_social_hover_links_color":"","footnotes":""},"class_list":["post-1295","page","type-page","status-publish","hentry","entry"],"yoast_head":"<!-- This site is optimized with the Yoast SEO plugin v27.4 - https:\/\/yoast.com\/product\/yoast-seo-wordpress\/ -->\n<title>Sobre nosotros | Charlyverse<\/title>\n<meta name=\"description\" content=\"Descubra m\u00e1s sobre el grupo empresarial speedikon y nuestro equipo.\" \/>\n<meta name=\"robots\" content=\"index, follow, max-snippet:-1, max-image-preview:large, max-video-preview:-1\" \/>\n<link rel=\"canonical\" href=\"https:\/\/www.charlyverse.com\/es\/sobre-nosotros\/\" \/>\n<meta property=\"og:locale\" content=\"es_ES\" \/>\n<meta property=\"og:type\" content=\"article\" \/>\n<meta property=\"og:title\" content=\"Sobre nosotros | Charlyverse\" \/>\n<meta property=\"og:description\" content=\"Descubra m\u00e1s sobre el grupo empresarial speedikon y nuestro equipo.\" \/>\n<meta property=\"og:url\" content=\"https:\/\/www.charlyverse.com\/es\/sobre-nosotros\/\" \/>\n<meta property=\"og:site_name\" content=\"Charlyverse\" \/>\n<meta property=\"article:modified_time\" content=\"2026-01-21T08:47:15+00:00\" \/>\n<meta property=\"og:image\" content=\"https:\/\/www.charlyverse.com\/wp-content\/uploads\/2025\/11\/speedikon_Unternehmensgruppe_Logo.jpg\" \/>\n\t<meta property=\"og:image:width\" content=\"450\" \/>\n\t<meta property=\"og:image:height\" content=\"110\" \/>\n\t<meta property=\"og:image:type\" content=\"image\/jpeg\" \/>\n<meta name=\"twitter:card\" content=\"summary_large_image\" \/>\n<meta name=\"twitter:label1\" content=\"Tiempo de lectura\" \/>\n\t<meta name=\"twitter:data1\" content=\"3 minutos\" \/>\n<script type=\"application\/ld+json\" class=\"yoast-schema-graph\">{\"@context\":\"https:\\\/\\\/schema.org\",\"@graph\":[{\"@type\":\"WebPage\",\"@id\":\"https:\\\/\\\/www.charlyverse.com\\\/es\\\/sobre-nosotros\\\/\",\"url\":\"https:\\\/\\\/www.charlyverse.com\\\/es\\\/sobre-nosotros\\\/\",\"name\":\"Sobre nosotros | Charlyverse\",\"isPartOf\":{\"@id\":\"https:\\\/\\\/www.charlyverse.com\\\/#website\"},\"primaryImageOfPage\":{\"@id\":\"https:\\\/\\\/www.charlyverse.com\\\/es\\\/sobre-nosotros\\\/#primaryimage\"},\"image\":{\"@id\":\"https:\\\/\\\/www.charlyverse.com\\\/es\\\/sobre-nosotros\\\/#primaryimage\"},\"thumbnailUrl\":\"https:\\\/\\\/www.charlyverse.com\\\/wp-content\\\/uploads\\\/2025\\\/11\\\/speedikon_Unternehmensgruppe_Logo-300x73.jpg\",\"datePublished\":\"2025-04-14T06:59:12+00:00\",\"dateModified\":\"2026-01-21T08:47:15+00:00\",\"description\":\"Descubra m\u00e1s sobre el grupo empresarial speedikon y nuestro equipo.\",\"breadcrumb\":{\"@id\":\"https:\\\/\\\/www.charlyverse.com\\\/es\\\/sobre-nosotros\\\/#breadcrumb\"},\"inLanguage\":\"es\",\"potentialAction\":[{\"@type\":\"ReadAction\",\"target\":[\"https:\\\/\\\/www.charlyverse.com\\\/es\\\/sobre-nosotros\\\/\"]}]},{\"@type\":\"ImageObject\",\"inLanguage\":\"es\",\"@id\":\"https:\\\/\\\/www.charlyverse.com\\\/es\\\/sobre-nosotros\\\/#primaryimage\",\"url\":\"https:\\\/\\\/www.charlyverse.com\\\/wp-content\\\/uploads\\\/2025\\\/11\\\/speedikon_Unternehmensgruppe_Logo-300x73.jpg\",\"contentUrl\":\"https:\\\/\\\/www.charlyverse.com\\\/wp-content\\\/uploads\\\/2025\\\/11\\\/speedikon_Unternehmensgruppe_Logo-300x73.jpg\"},{\"@type\":\"BreadcrumbList\",\"@id\":\"https:\\\/\\\/www.charlyverse.com\\\/es\\\/sobre-nosotros\\\/#breadcrumb\",\"itemListElement\":[{\"@type\":\"ListItem\",\"position\":1,\"name\":\"Start\",\"item\":\"https:\\\/\\\/www.charlyverse.com\\\/\"},{\"@type\":\"ListItem\",\"position\":2,\"name\":\"Sobre nosotros\"}]},{\"@type\":\"WebSite\",\"@id\":\"https:\\\/\\\/www.charlyverse.com\\\/#website\",\"url\":\"https:\\\/\\\/www.charlyverse.com\\\/\",\"name\":\"Charlyverse\",\"description\":\"Home\",\"publisher\":{\"@id\":\"https:\\\/\\\/www.charlyverse.com\\\/#organization\"},\"potentialAction\":[{\"@type\":\"SearchAction\",\"target\":{\"@type\":\"EntryPoint\",\"urlTemplate\":\"https:\\\/\\\/www.charlyverse.com\\\/?s={search_term_string}\"},\"query-input\":{\"@type\":\"PropertyValueSpecification\",\"valueRequired\":true,\"valueName\":\"search_term_string\"}}],\"inLanguage\":\"es\"},{\"@type\":\"Organization\",\"@id\":\"https:\\\/\\\/www.charlyverse.com\\\/#organization\",\"name\":\"Charlyverse\",\"url\":\"https:\\\/\\\/www.charlyverse.com\\\/\",\"logo\":{\"@type\":\"ImageObject\",\"inLanguage\":\"es\",\"@id\":\"https:\\\/\\\/www.charlyverse.com\\\/#\\\/schema\\\/logo\\\/image\\\/\",\"url\":\"https:\\\/\\\/www.charlyverse.com\\\/wp-content\\\/uploads\\\/2025\\\/05\\\/Charlyverse_Favicon_32x32.png\",\"contentUrl\":\"https:\\\/\\\/www.charlyverse.com\\\/wp-content\\\/uploads\\\/2025\\\/05\\\/Charlyverse_Favicon_32x32.png\",\"width\":32,\"height\":32,\"caption\":\"Charlyverse\"},\"image\":{\"@id\":\"https:\\\/\\\/www.charlyverse.com\\\/#\\\/schema\\\/logo\\\/image\\\/\"}}]}<\/script>\n<!-- \/ Yoast SEO plugin. -->","yoast_head_json":{"title":"Sobre nosotros | Charlyverse","description":"Descubra m\u00e1s sobre el grupo empresarial speedikon y nuestro equipo.","robots":{"index":"index","follow":"follow","max-snippet":"max-snippet:-1","max-image-preview":"max-image-preview:large","max-video-preview":"max-video-preview:-1"},"canonical":"https:\/\/www.charlyverse.com\/es\/sobre-nosotros\/","og_locale":"es_ES","og_type":"article","og_title":"Sobre nosotros | Charlyverse","og_description":"Descubra m\u00e1s sobre el grupo empresarial speedikon y nuestro equipo.","og_url":"https:\/\/www.charlyverse.com\/es\/sobre-nosotros\/","og_site_name":"Charlyverse","article_modified_time":"2026-01-21T08:47:15+00:00","og_image":[{"width":450,"height":110,"url":"https:\/\/www.charlyverse.com\/wp-content\/uploads\/2025\/11\/speedikon_Unternehmensgruppe_Logo.jpg","type":"image\/jpeg"}],"twitter_card":"summary_large_image","twitter_misc":{"Tiempo de lectura":"3 minutos"},"schema":{"@context":"https:\/\/schema.org","@graph":[{"@type":"WebPage","@id":"https:\/\/www.charlyverse.com\/es\/sobre-nosotros\/","url":"https:\/\/www.charlyverse.com\/es\/sobre-nosotros\/","name":"Sobre nosotros | Charlyverse","isPartOf":{"@id":"https:\/\/www.charlyverse.com\/#website"},"primaryImageOfPage":{"@id":"https:\/\/www.charlyverse.com\/es\/sobre-nosotros\/#primaryimage"},"image":{"@id":"https:\/\/www.charlyverse.com\/es\/sobre-nosotros\/#primaryimage"},"thumbnailUrl":"https:\/\/www.charlyverse.com\/wp-content\/uploads\/2025\/11\/speedikon_Unternehmensgruppe_Logo-300x73.jpg","datePublished":"2025-04-14T06:59:12+00:00","dateModified":"2026-01-21T08:47:15+00:00","description":"Descubra m\u00e1s sobre el grupo empresarial speedikon y nuestro equipo.","breadcrumb":{"@id":"https:\/\/www.charlyverse.com\/es\/sobre-nosotros\/#breadcrumb"},"inLanguage":"es","potentialAction":[{"@type":"ReadAction","target":["https:\/\/www.charlyverse.com\/es\/sobre-nosotros\/"]}]},{"@type":"ImageObject","inLanguage":"es","@id":"https:\/\/www.charlyverse.com\/es\/sobre-nosotros\/#primaryimage","url":"https:\/\/www.charlyverse.com\/wp-content\/uploads\/2025\/11\/speedikon_Unternehmensgruppe_Logo-300x73.jpg","contentUrl":"https:\/\/www.charlyverse.com\/wp-content\/uploads\/2025\/11\/speedikon_Unternehmensgruppe_Logo-300x73.jpg"},{"@type":"BreadcrumbList","@id":"https:\/\/www.charlyverse.com\/es\/sobre-nosotros\/#breadcrumb","itemListElement":[{"@type":"ListItem","position":1,"name":"Start","item":"https:\/\/www.charlyverse.com\/"},{"@type":"ListItem","position":2,"name":"Sobre nosotros"}]},{"@type":"WebSite","@id":"https:\/\/www.charlyverse.com\/#website","url":"https:\/\/www.charlyverse.com\/","name":"Charlyverse","description":"Home","publisher":{"@id":"https:\/\/www.charlyverse.com\/#organization"},"potentialAction":[{"@type":"SearchAction","target":{"@type":"EntryPoint","urlTemplate":"https:\/\/www.charlyverse.com\/?s={search_term_string}"},"query-input":{"@type":"PropertyValueSpecification","valueRequired":true,"valueName":"search_term_string"}}],"inLanguage":"es"},{"@type":"Organization","@id":"https:\/\/www.charlyverse.com\/#organization","name":"Charlyverse","url":"https:\/\/www.charlyverse.com\/","logo":{"@type":"ImageObject","inLanguage":"es","@id":"https:\/\/www.charlyverse.com\/#\/schema\/logo\/image\/","url":"https:\/\/www.charlyverse.com\/wp-content\/uploads\/2025\/05\/Charlyverse_Favicon_32x32.png","contentUrl":"https:\/\/www.charlyverse.com\/wp-content\/uploads\/2025\/05\/Charlyverse_Favicon_32x32.png","width":32,"height":32,"caption":"Charlyverse"},"image":{"@id":"https:\/\/www.charlyverse.com\/#\/schema\/logo\/image\/"}}]}},"_links":{"self":[{"href":"https:\/\/www.charlyverse.com\/es\/wp-json\/wp\/v2\/pages\/1295","targetHints":{"allow":["GET"]}}],"collection":[{"href":"https:\/\/www.charlyverse.com\/es\/wp-json\/wp\/v2\/pages"}],"about":[{"href":"https:\/\/www.charlyverse.com\/es\/wp-json\/wp\/v2\/types\/page"}],"author":[{"embeddable":true,"href":"https:\/\/www.charlyverse.com\/es\/wp-json\/wp\/v2\/users\/1"}],"replies":[{"embeddable":true,"href":"https:\/\/www.charlyverse.com\/es\/wp-json\/wp\/v2\/comments?post=1295"}],"version-history":[{"count":8,"href":"https:\/\/www.charlyverse.com\/es\/wp-json\/wp\/v2\/pages\/1295\/revisions"}],"predecessor-version":[{"id":2648,"href":"https:\/\/www.charlyverse.com\/es\/wp-json\/wp\/v2\/pages\/1295\/revisions\/2648"}],"wp:attachment":[{"href":"https:\/\/www.charlyverse.com\/es\/wp-json\/wp\/v2\/media?parent=1295"}],"curies":[{"name":"wp","href":"https:\/\/api.w.org\/{rel}","templated":true}]}}